{"id":97,"date":"2023-03-09T12:56:04","date_gmt":"2023-03-09T12:56:04","guid":{"rendered":"https:\/\/tecnologia.vamtam.com\/?page_id=97"},"modified":"2026-04-09T22:34:31","modified_gmt":"2026-04-09T22:34:31","slug":"portfolio","status":"publish","type":"page","link":"https:\/\/kapusta.dev\/en\/portfolio\/","title":{"rendered":"Portfolio"},"content":{"rendered":"<div data-elementor-type=\"wp-page\" data-elementor-id=\"97\" class=\"elementor elementor-97\" data-elementor-post-type=\"page\">\n\t\t\t\t\t\t<section class=\"elementor-section elementor-top-section elementor-element elementor-element-0c613a8 elementor-section-boxed elementor-section-height-default elementor-section-height-default\" data-id=\"0c613a8\" data-element_type=\"section\">\n\t\t\t\t\t\t<div class=\"elementor-container elementor-column-gap-default\">\n\t\t\t\t\t<div class=\"elementor-column elementor-col-100 elementor-top-column elementor-element elementor-element-d661024\" data-id=\"d661024\" data-element_type=\"column\">\n\t\t\t<div class=\"elementor-widget-wrap elementor-element-populated\">\n\t\t\t\t\t\t<div class=\"elementor-element elementor-element-5d25c10 animated-slow elementor-invisible elementor-widget elementor-widget-heading\" data-id=\"5d25c10\" data-element_type=\"widget\" data-settings=\"{&quot;_animation&quot;:&quot;fadeIn&quot;,&quot;_animation_tablet&quot;:&quot;none&quot;}\" data-widget_type=\"heading.default\">\n\t\t\t\t<div class=\"elementor-widget-container\">\n\t\t\t\t\t<h1 class=\"elementor-heading-title elementor-size-default\">Our realizations<\/h1>\t\t\t\t<\/div>\n\t\t\t\t<\/div>\n\t\t\t\t<div class=\"elementor-element elementor-element-1604133 elementor-widget elementor-widget-spacer\" data-id=\"1604133\" data-element_type=\"widget\" data-widget_type=\"spacer.default\">\n\t\t\t\t<div class=\"elementor-widget-container\">\n\t\t\t\t\t\t\t<div class=\"elementor-spacer\">\n\t\t\t<div class=\"elementor-spacer-inner\"><\/div>\n\t\t<\/div>\n\t\t\t\t\t\t<\/div>\n\t\t\t\t<\/div>\n\t\t\t\t\t<\/div>\n\t\t<\/div>\n\t\t\t\t\t<\/div>\n\t\t<\/section>\n\t\t\t\t<section class=\"elementor-section elementor-top-section elementor-element elementor-element-363af35 elementor-section-boxed elementor-section-height-default elementor-section-height-default\" data-id=\"363af35\" data-element_type=\"section\">\n\t\t\t\t\t\t<div class=\"elementor-container elementor-column-gap-no\">\n\t\t\t\t\t<div class=\"elementor-column elementor-col-100 elementor-top-column elementor-element elementor-element-4f1c375\" data-id=\"4f1c375\" data-element_type=\"column\">\n\t\t\t<div class=\"elementor-widget-wrap elementor-element-populated\">\n\t\t\t\t\t\t<div class=\"vamtam-has-theme-widget-styles elementor-element elementor-element-f02dd7f elementor-grid-tablet-3 elementor-grid-3 elementor-grid-mobile-1 elementor-posts--thumbnail-top load-more-align-center elementor-widget elementor-widget-posts\" data-id=\"f02dd7f\" data-element_type=\"widget\" data-settings=\"{&quot;pagination_type&quot;:&quot;load_more_on_click&quot;,&quot;vamtam_classic_columns_tablet&quot;:&quot;3&quot;,&quot;vamtam_classic_row_gap&quot;:{&quot;unit&quot;:&quot;px&quot;,&quot;size&quot;:40,&quot;sizes&quot;:[]},&quot;vamtam_classic_row_gap_tablet&quot;:{&quot;unit&quot;:&quot;px&quot;,&quot;size&quot;:30,&quot;sizes&quot;:[]},&quot;vamtam_classic_columns&quot;:&quot;3&quot;,&quot;vamtam_classic_columns_mobile&quot;:&quot;1&quot;,&quot;vamtam_classic_row_gap_mobile&quot;:{&quot;unit&quot;:&quot;px&quot;,&quot;size&quot;:&quot;&quot;,&quot;sizes&quot;:[]},&quot;load_more_spinner&quot;:{&quot;value&quot;:&quot;fas fa-spinner&quot;,&quot;library&quot;:&quot;fa-solid&quot;}}\" data-widget_type=\"posts.vamtam_classic\">\n\t\t\t\t<div class=\"elementor-widget-container\">\n\t\t\t\t\t\t\t<div class=\"elementor-has-item-ratio elementor-posts-container elementor-posts elementor-posts--skin-vamtam_classic elementor-grid\" role=\"list\">\n\t\t\t\t<article class=\"elementor-post elementor-grid-item post-988114 post type-post status-publish format-standard has-post-thumbnail hentry category-website-develoment tag-banks-insurance\" role=\"listitem\">\n\t\t\t\t<a class=\"elementor-post__thumbnail__link\" href=\"https:\/\/kapusta.dev\/en\/2026\/02\/11\/major-insurance-provider-saves-750k-per-month-with-big-data-migration-2-2\/\" tabindex=\"-1\" >\n\t\t\t<div class=\"elementor-post__thumbnail\"><img fetchpriority=\"high\" decoding=\"async\" width=\"1024\" height=\"743\" src=\"https:\/\/kapusta.dev\/wp-content\/uploads\/2026\/02\/Group-75-9.svg\" class=\"attachment-large size-large wp-image-988116\" alt=\"\" \/><\/div>\n\t\t<\/a>\n\t\t\t\t\t<div class=\"elementor-post__meta-data\">\n\t\t\t\t\t\t\t<div class=\"vamtam-post__categories\">\n\t\t\t\t<a href=\"https:\/\/kapusta.dev\/en\/category\/case-studies\/website-develoment\/\" rel=\"category tag\">Websites<\/a>\t\t\t<\/div>\n\t\t\t\t\t\t<\/div>\n\t\t\t\t\t<div class=\"elementor-post__text\">\n\t\t\t\t<h3 class=\"elementor-post__title\">\n\t\t\t<a href=\"https:\/\/kapusta.dev\/en\/2026\/02\/11\/major-insurance-provider-saves-750k-per-month-with-big-data-migration-2-2\/\" >\n\t\t\t\tAsgard Construction - professional website for construction company \ud83c\udde8\ud83c\udde6\t\t\t<\/a>\n\t\t<\/h3>\n\t\t\t\t<div class=\"elementor-post__excerpt\">\n\t\t\t<p>The client needed a modern online platform to reach new customers and showcase ongoing construction projects.<\/p>\n<p>\n<br \/>\n\u2714\ufe0e Modern website<br \/>\n\u2714\ufe0e Project Portfolio<\/p>\n<p>\n\t\t<\/div>\n\t\t\t\t\t<div class=\"elementor-post__read-more-wrapper\">\n\t\t\n\t\t<a class=\"elementor-post__read-more\" href=\"https:\/\/kapusta.dev\/en\/2026\/02\/11\/major-insurance-provider-saves-750k-per-month-with-big-data-migration-2-2\/\" aria-label=\"Read more about Asgard Construction \u2014 profesjonalna strona internetowa dla firmy budowlanej \ud83c\udde8\ud83c\udde6\" tabindex=\"-1\" >\n\t\t\tExplore the details\t\t<\/a>\n\n\t\t\t\t\t<\/div>\n\t\t\t\t<\/div>\n\t\t\t\t<\/article>\n\t\t\t\t<article class=\"elementor-post elementor-grid-item post-988108 post type-post status-publish format-standard has-post-thumbnail hentry category-website-develoment tag-banks-insurance\" role=\"listitem\">\n\t\t\t\t<a class=\"elementor-post__thumbnail__link\" href=\"https:\/\/kapusta.dev\/en\/2026\/02\/11\/major-insurance-provider-saves-750k-per-month-with-big-data-migration-2\/\" tabindex=\"-1\" >\n\t\t\t<div class=\"elementor-post__thumbnail\"><img decoding=\"async\" width=\"1024\" height=\"743\" src=\"https:\/\/kapusta.dev\/wp-content\/uploads\/2026\/02\/Group-76-2.svg\" class=\"attachment-large size-large wp-image-988110\" alt=\"\" \/><\/div>\n\t\t<\/a>\n\t\t\t\t\t<div class=\"elementor-post__meta-data\">\n\t\t\t\t\t\t\t<div class=\"vamtam-post__categories\">\n\t\t\t\t<a href=\"https:\/\/kapusta.dev\/en\/category\/case-studies\/website-develoment\/\" rel=\"category tag\">Websites<\/a>\t\t\t<\/div>\n\t\t\t\t\t\t<\/div>\n\t\t\t\t\t<div class=\"elementor-post__text\">\n\t\t\t\t<h3 class=\"elementor-post__title\">\n\t\t\t<a href=\"https:\/\/kapusta.dev\/en\/2026\/02\/11\/major-insurance-provider-saves-750k-per-month-with-big-data-migration-2\/\" >\n\t\t\t\tClean Area - an intuitive website to increase the confidence of the cleaning company's customers \ud83c\udde8\ud83c\udde6\t\t\t<\/a>\n\t\t<\/h3>\n\t\t\t\t<div class=\"elementor-post__excerpt\">\n\t\t\t<p>The state-of-the-art online platform has improved visibility and customer confidence in Toronto and the GTA region.<\/p>\n<p>\n<br \/>\n\u2714\ufe0e Responsive website<br \/>\n\u2714\ufe0e Online booking system<br \/>\n\u2714\ufe0e Portfolio of cleaning services<\/p>\n<p>\n\t\t<\/div>\n\t\t\t\t\t<div class=\"elementor-post__read-more-wrapper\">\n\t\t\n\t\t<a class=\"elementor-post__read-more\" href=\"https:\/\/kapusta.dev\/en\/2026\/02\/11\/major-insurance-provider-saves-750k-per-month-with-big-data-migration-2\/\" aria-label=\"Read more about Clean Area \u2014 intuicyjna strona zwi\u0119kszaj\u0105ca zaufanie klient\u00f3w firmy sprz\u0105taj\u0105cej \ud83c\udde8\ud83c\udde6\" tabindex=\"-1\" >\n\t\t\tExplore the details\t\t<\/a>\n\n\t\t\t\t\t<\/div>\n\t\t\t\t<\/div>\n\t\t\t\t<\/article>\n\t\t\t\t<article class=\"elementor-post elementor-grid-item post-2460 post type-post status-publish format-standard has-post-thumbnail hentry category-website-develoment tag-banks-insurance\" role=\"listitem\">\n\t\t\t\t<a class=\"elementor-post__thumbnail__link\" href=\"https:\/\/kapusta.dev\/en\/2023\/03\/20\/maximizing-efficiency-with-proper-technology-implementation-coffee-success-story\/\" tabindex=\"-1\" >\n\t\t\t<div class=\"elementor-post__thumbnail\"><img decoding=\"async\" width=\"1024\" height=\"743\" src=\"https:\/\/kapusta.dev\/wp-content\/uploads\/2023\/03\/Group-76.svg\" class=\"attachment-large size-large wp-image-988076\" alt=\"\" \/><\/div>\n\t\t<\/a>\n\t\t\t\t\t<div class=\"elementor-post__meta-data\">\n\t\t\t\t\t\t\t<div class=\"vamtam-post__categories\">\n\t\t\t\t<a href=\"https:\/\/kapusta.dev\/en\/category\/case-studies\/website-develoment\/\" rel=\"category tag\">Websites<\/a>\t\t\t<\/div>\n\t\t\t\t\t\t<\/div>\n\t\t\t\t\t<div class=\"elementor-post__text\">\n\t\t\t\t<h3 class=\"elementor-post__title\">\n\t\t\t<a href=\"https:\/\/kapusta.dev\/en\/2023\/03\/20\/maximizing-efficiency-with-proper-technology-implementation-coffee-success-story\/\" >\n\t\t\t\tDimix Agro digital solution for Ukrainian agribusiness \ud83c\uddfa\ud83c\udde6\t\t\t<\/a>\n\t\t<\/h3>\n\t\t\t\t<div class=\"elementor-post__excerpt\">\n\t\t\t<p>The client needed a professional site to present the company's product offerings, services and values to the international market.<\/p>\n<p>\n<br \/>\n\u2714\ufe0e Professional responsive design<br \/>\n\u2714\ufe0e Multilingual<br \/>\n\u2714\ufe0e Integration with CRM systems<\/p>\n<p>\n\t\t<\/div>\n\t\t\t\t\t<div class=\"elementor-post__read-more-wrapper\">\n\t\t\n\t\t<a class=\"elementor-post__read-more\" href=\"https:\/\/kapusta.dev\/en\/2023\/03\/20\/maximizing-efficiency-with-proper-technology-implementation-coffee-success-story\/\" aria-label=\"Read more about Dimix Agro \u2014 rozwi\u0105zanie cyfrowe dla ukrai\u0144skiego przedsi\u0119biorstwa rolniczego \ud83c\uddfa\ud83c\udde6\" tabindex=\"-1\" >\n\t\t\tExplore the details\t\t<\/a>\n\n\t\t\t\t\t<\/div>\n\t\t\t\t<\/div>\n\t\t\t\t<\/article>\n\t\t\t\t<article class=\"elementor-post elementor-grid-item post-2458 post type-post status-publish format-standard has-post-thumbnail hentry category-website-develoment tag-banks-insurance\" role=\"listitem\">\n\t\t\t\t<a class=\"elementor-post__thumbnail__link\" href=\"https:\/\/kapusta.dev\/en\/2023\/03\/20\/strategic-move-to-an-ai-supported-application-for-public-safety-travel-app-in-london\/\" tabindex=\"-1\" >\n\t\t\t<div class=\"elementor-post__thumbnail\"><img loading=\"lazy\" decoding=\"async\" width=\"1024\" height=\"743\" src=\"https:\/\/kapusta.dev\/wp-content\/uploads\/2023\/03\/Group-75-2.svg\" class=\"attachment-large size-large wp-image-988080\" alt=\"\" \/><\/div>\n\t\t<\/a>\n\t\t\t\t\t<div class=\"elementor-post__meta-data\">\n\t\t\t\t\t\t\t<div class=\"vamtam-post__categories\">\n\t\t\t\t<a href=\"https:\/\/kapusta.dev\/en\/category\/case-studies\/website-develoment\/\" rel=\"category tag\">Websites<\/a>\t\t\t<\/div>\n\t\t\t\t\t\t<\/div>\n\t\t\t\t\t<div class=\"elementor-post__text\">\n\t\t\t\t<h3 class=\"elementor-post__title\">\n\t\t\t<a href=\"https:\/\/kapusta.dev\/en\/2023\/03\/20\/strategic-move-to-an-ai-supported-application-for-public-safety-travel-app-in-london\/\" >\n\t\t\t\tCleanup Services - dynamic website for Polish cleaning company \ud83c\uddf5\ud83c\uddf1\t\t\t<\/a>\n\t\t<\/h3>\n\t\t\t\t<div class=\"elementor-post__excerpt\">\n\t\t\t<p>The intuitive online platform has streamlined the process of acquiring customers and building trust in the local cleaning market.<\/p>\n<p>\n<br \/>\n\u2714\ufe0e Fast loading and responsive<br \/>\n\u2714\ufe0e Online quote form<br \/>\n\u2714\ufe0e Clear presentation of services<\/p>\n<p>\n\t\t<\/div>\n\t\t\t\t\t<div class=\"elementor-post__read-more-wrapper\">\n\t\t\n\t\t<a class=\"elementor-post__read-more\" href=\"https:\/\/kapusta.dev\/en\/2023\/03\/20\/strategic-move-to-an-ai-supported-application-for-public-safety-travel-app-in-london\/\" aria-label=\"Read more about Cleanup Services \u2014 dynamiczna strona internetowa dla polskiej firmy sprz\u0105taj\u0105cej \ud83c\uddf5\ud83c\uddf1\" tabindex=\"-1\" >\n\t\t\tExplore the details\t\t<\/a>\n\n\t\t\t\t\t<\/div>\n\t\t\t\t<\/div>\n\t\t\t\t<\/article>\n\t\t\t\t<article class=\"elementor-post elementor-grid-item post-2808 post type-post status-publish format-standard has-post-thumbnail hentry category-website-develoment tag-banks-insurance\" role=\"listitem\">\n\t\t\t\t<a class=\"elementor-post__thumbnail__link\" href=\"https:\/\/kapusta.dev\/en\/2023\/03\/20\/convenience-savings-and-rewards-at-your-fingertips-2\/\" tabindex=\"-1\" >\n\t\t\t<div class=\"elementor-post__thumbnail\"><img loading=\"lazy\" decoding=\"async\" width=\"1024\" height=\"743\" src=\"https:\/\/kapusta.dev\/wp-content\/uploads\/2023\/03\/Group-75.svg\" class=\"attachment-large size-large wp-image-988072\" alt=\"\" \/><\/div>\n\t\t<\/a>\n\t\t\t\t\t<div class=\"elementor-post__meta-data\">\n\t\t\t\t\t\t\t<div class=\"vamtam-post__categories\">\n\t\t\t\t<a href=\"https:\/\/kapusta.dev\/en\/category\/case-studies\/website-develoment\/\" rel=\"category tag\">Websites<\/a>\t\t\t<\/div>\n\t\t\t\t\t\t<\/div>\n\t\t\t\t\t<div class=\"elementor-post__text\">\n\t\t\t\t<h3 class=\"elementor-post__title\">\n\t\t\t<a href=\"https:\/\/kapusta.dev\/en\/2023\/03\/20\/convenience-savings-and-rewards-at-your-fingertips-2\/\" >\n\t\t\t\tAlleDoctor - a digital platform for the Polish medical establishment \ud83c\uddf5\ud83c\uddf1\t\t\t<\/a>\n\t\t<\/h3>\n\t\t\t\t<div class=\"elementor-post__excerpt\">\n\t\t\t<p>The professional website optimized the patient registration process and strengthened the brand image in the healthcare sector.<\/p>\n<p>\n<br \/>\n\u2714\ufe0e Modern professional design<br \/>\n\u2714\ufe0e Registration and contact form<\/p>\n<p>\n\t\t<\/div>\n\t\t\t\t\t<div class=\"elementor-post__read-more-wrapper\">\n\t\t\n\t\t<a class=\"elementor-post__read-more\" href=\"https:\/\/kapusta.dev\/en\/2023\/03\/20\/convenience-savings-and-rewards-at-your-fingertips-2\/\" aria-label=\"Read more about AlleDoctor \u2014 platforma cyfrowa dla polskiej plac\u00f3wki medycznej \ud83c\uddf5\ud83c\uddf1\" tabindex=\"-1\" >\n\t\t\tExplore the details\t\t<\/a>\n\n\t\t\t\t\t<\/div>\n\t\t\t\t<\/div>\n\t\t\t\t<\/article>\n\t\t\t\t<article class=\"elementor-post elementor-grid-item post-2736 post type-post status-publish format-standard has-post-thumbnail hentry category-website-develoment tag-banks-insurance\" role=\"listitem\">\n\t\t\t\t<a class=\"elementor-post__thumbnail__link\" href=\"https:\/\/kapusta.dev\/en\/2023\/03\/20\/private-trust-management-and-trading-platform\/\" tabindex=\"-1\" >\n\t\t\t<div class=\"elementor-post__thumbnail\"><img loading=\"lazy\" decoding=\"async\" width=\"1024\" height=\"743\" src=\"https:\/\/kapusta.dev\/wp-content\/uploads\/2023\/03\/Group-75-5.svg\" class=\"attachment-large size-large wp-image-988092\" alt=\"\" \/><\/div>\n\t\t<\/a>\n\t\t\t\t\t<div class=\"elementor-post__meta-data\">\n\t\t\t\t\t\t\t<div class=\"vamtam-post__categories\">\n\t\t\t\t<a href=\"https:\/\/kapusta.dev\/en\/category\/case-studies\/website-develoment\/\" rel=\"category tag\">Websites<\/a>\t\t\t<\/div>\n\t\t\t\t\t\t<\/div>\n\t\t\t\t\t<div class=\"elementor-post__text\">\n\t\t\t\t<h3 class=\"elementor-post__title\">\n\t\t\t<a href=\"https:\/\/kapusta.dev\/en\/2023\/03\/20\/private-trust-management-and-trading-platform\/\" >\n\t\t\t\tElite Abrasives - online store for Canadian abrasives supplier \ud83c\udde8\ud83c\udde6\t\t\t<\/a>\n\t\t<\/h3>\n\t\t\t\t<div class=\"elementor-post__excerpt\">\n\t\t\t<p>The client needed a functional online store with an intuitive product catalog, shopping cart system and secure online payments.<\/p>\n<p>\n<br \/>\n\u2714\ufe0e Online shopping cart store<br \/>\n\u2714\ufe0e Product Catalog<br \/>\n\u2714\ufe0e Payment integration<\/p>\n<p>\n\t\t<\/div>\n\t\t\t\t\t<div class=\"elementor-post__read-more-wrapper\">\n\t\t\n\t\t<a class=\"elementor-post__read-more\" href=\"https:\/\/kapusta.dev\/en\/2023\/03\/20\/private-trust-management-and-trading-platform\/\" aria-label=\"Read more about Elite Abrasives \u2014 sklep internetowy dla kanadyjskiego dostawcy materia\u0142\u00f3w \u015bciernych \ud83c\udde8\ud83c\udde6\" tabindex=\"-1\" >\n\t\t\tExplore the details\t\t<\/a>\n\n\t\t\t\t\t<\/div>\n\t\t\t\t<\/div>\n\t\t\t\t<\/article>\n\t\t\t\t<article class=\"elementor-post elementor-grid-item post-2733 post type-post status-publish format-standard has-post-thumbnail hentry category-website-develoment tag-education\" role=\"listitem\">\n\t\t\t\t<a class=\"elementor-post__thumbnail__link\" href=\"https:\/\/kapusta.dev\/en\/2023\/03\/20\/online-platform-for-distance-learning\/\" tabindex=\"-1\" >\n\t\t\t<div class=\"elementor-post__thumbnail\"><img loading=\"lazy\" decoding=\"async\" width=\"1024\" height=\"743\" src=\"https:\/\/kapusta.dev\/wp-content\/uploads\/2023\/03\/Group-75-6.svg\" class=\"attachment-large size-large wp-image-988096\" alt=\"\" \/><\/div>\n\t\t<\/a>\n\t\t\t\t\t<div class=\"elementor-post__meta-data\">\n\t\t\t\t\t\t\t<div class=\"vamtam-post__categories\">\n\t\t\t\t<a href=\"https:\/\/kapusta.dev\/en\/category\/case-studies\/website-develoment\/\" rel=\"category tag\">Websites<\/a>\t\t\t<\/div>\n\t\t\t\t\t\t<\/div>\n\t\t\t\t\t<div class=\"elementor-post__text\">\n\t\t\t\t<h3 class=\"elementor-post__title\">\n\t\t\t<a href=\"https:\/\/kapusta.dev\/en\/2023\/03\/20\/online-platform-for-distance-learning\/\" >\n\t\t\t\tWelding Supply - online welding equipment store for Canadian market \ud83c\udde8\ud83c\udde6\t\t\t<\/a>\n\t\t<\/h3>\n\t\t\t\t<div class=\"elementor-post__excerpt\">\n\t\t\t<p>The e-commerce platform has optimized sales of cutting discs and welding supplies, allowing customers to quickly access professional industrial products.<\/p>\n<p>\n<br \/>\n\u2714\ufe0e Online store<br \/>\n\u2714\ufe0e Cutting disk catalog<\/p>\n<p>\n\t\t<\/div>\n\t\t\t\t\t<div class=\"elementor-post__read-more-wrapper\">\n\t\t\n\t\t<a class=\"elementor-post__read-more\" href=\"https:\/\/kapusta.dev\/en\/2023\/03\/20\/online-platform-for-distance-learning\/\" aria-label=\"Read more about Welding Supply \u2014 sklep internetowy z wyposa\u017ceniem spawalniczym dla kanadyjskiego rynku \ud83c\udde8\ud83c\udde6\" tabindex=\"-1\" >\n\t\t\tExplore the details\t\t<\/a>\n\n\t\t\t\t\t<\/div>\n\t\t\t\t<\/div>\n\t\t\t\t<\/article>\n\t\t\t\t<article class=\"elementor-post elementor-grid-item post-6109 post type-post status-publish format-standard has-post-thumbnail hentry category-uncategorized tag-banks-insurance\" role=\"listitem\">\n\t\t\t\t<a class=\"elementor-post__thumbnail__link\" href=\"https:\/\/kapusta.dev\/en\/2023\/03\/20\/delivering-enterprise-wide-efficiencies-at-paysafe-through-intelligent-automation\/\" tabindex=\"-1\" >\n\t\t\t<div class=\"elementor-post__thumbnail\"><img loading=\"lazy\" decoding=\"async\" width=\"1024\" height=\"743\" src=\"https:\/\/kapusta.dev\/wp-content\/uploads\/2023\/03\/Group-75-7.svg\" class=\"attachment-large size-large wp-image-988100\" alt=\"\" \/><\/div>\n\t\t<\/a>\n\t\t\t\t\t<div class=\"elementor-post__meta-data\">\n\t\t\t\t\t\t\t<div class=\"vamtam-post__categories\">\n\t\t\t\t<a href=\"https:\/\/kapusta.dev\/en\/category\/uncategorized\/\" rel=\"category tag\">Uncategorized<\/a>\t\t\t<\/div>\n\t\t\t\t\t\t<\/div>\n\t\t\t\t\t<div class=\"elementor-post__text\">\n\t\t\t\t<h3 class=\"elementor-post__title\">\n\t\t\t<a href=\"https:\/\/kapusta.dev\/en\/2023\/03\/20\/delivering-enterprise-wide-efficiencies-at-paysafe-through-intelligent-automation\/\" >\n\t\t\t\tBorodan - stylish website for Ukrainian barbershop \ud83c\uddfa\ud83c\udde6\t\t\t<\/a>\n\t\t<\/h3>\n\t\t\t\t<div class=\"elementor-post__excerpt\">\n\t\t\t<p>The client needed a visually appealing site that presents services, pricing, and allows easy online booking of appointments.<\/p>\n<p>\n<br \/>\n\u2714\ufe0e Modern, masculine design<br \/>\n\u2714\ufe0e Appointment booking system<br \/>\n\u2714\ufe0e Styling and services gallery<\/p>\n<p>\n\t\t<\/div>\n\t\t\t\t\t<div class=\"elementor-post__read-more-wrapper\">\n\t\t\n\t\t<a class=\"elementor-post__read-more\" href=\"https:\/\/kapusta.dev\/en\/2023\/03\/20\/delivering-enterprise-wide-efficiencies-at-paysafe-through-intelligent-automation\/\" aria-label=\"Read more about Borodan \u2014 stylowa strona internetowa dla ukrai\u0144skiego barbershopu \ud83c\uddfa\ud83c\udde6\" tabindex=\"-1\" >\n\t\t\tExplore the details\t\t<\/a>\n\n\t\t\t\t\t<\/div>\n\t\t\t\t<\/div>\n\t\t\t\t<\/article>\n\t\t\t\t<article class=\"elementor-post elementor-grid-item post-6106 post type-post status-publish format-standard has-post-thumbnail hentry category-website-develoment tag-banks-insurance\" role=\"listitem\">\n\t\t\t\t<a class=\"elementor-post__thumbnail__link\" href=\"https:\/\/kapusta.dev\/en\/2023\/03\/20\/bringing-premium-live-casino-experiences-to-gamers-across-the-globe\/\" tabindex=\"-1\" >\n\t\t\t<div class=\"elementor-post__thumbnail\"><img loading=\"lazy\" decoding=\"async\" width=\"1024\" height=\"743\" src=\"https:\/\/kapusta.dev\/wp-content\/uploads\/2023\/03\/Group-75-8.svg\" class=\"attachment-large size-large wp-image-988104\" alt=\"\" \/><\/div>\n\t\t<\/a>\n\t\t\t\t\t<div class=\"elementor-post__meta-data\">\n\t\t\t\t\t\t\t<div class=\"vamtam-post__categories\">\n\t\t\t\t<a href=\"https:\/\/kapusta.dev\/en\/category\/case-studies\/website-develoment\/\" rel=\"category tag\">Websites<\/a>\t\t\t<\/div>\n\t\t\t\t\t\t<\/div>\n\t\t\t\t\t<div class=\"elementor-post__text\">\n\t\t\t\t<h3 class=\"elementor-post__title\">\n\t\t\t<a href=\"https:\/\/kapusta.dev\/en\/2023\/03\/20\/bringing-premium-live-casino-experiences-to-gamers-across-the-globe\/\" >\n\t\t\t\tTheo Trucking - dynamic digital platform for US trucking company \ud83c\uddfa\ud83c\uddf8\t\t\t<\/a>\n\t\t<\/h3>\n\t\t\t\t<div class=\"elementor-post__excerpt\">\n\t\t\t<p>The client needed a modern solution to present transport services, fleet of vehicles and enable quick contact with potential customers.<\/p>\n<p>\n<br \/>\n\u2714\ufe0e Professional industry design<br \/>\n\u2714\ufe0e Presentation of transportation services<\/p>\n<p>\n\t\t<\/div>\n\t\t\t\t\t<div class=\"elementor-post__read-more-wrapper\">\n\t\t\n\t\t<a class=\"elementor-post__read-more\" href=\"https:\/\/kapusta.dev\/en\/2023\/03\/20\/bringing-premium-live-casino-experiences-to-gamers-across-the-globe\/\" aria-label=\"Read more about Theo Trucking \u2014 dynamiczna platforma cyfrowa dla ameryka\u0144skiej firmy transportowej \ud83c\uddfa\ud83c\uddf8\" tabindex=\"-1\" >\n\t\t\tExplore the details\t\t<\/a>\n\n\t\t\t\t\t<\/div>\n\t\t\t\t<\/div>\n\t\t\t\t<\/article>\n\t\t\t\t<\/div>\n\t\t\t\t\t<span class=\"e-load-more-spinner\">\n\t\t\t\t<i aria-hidden=\"true\" class=\"fas fa-spinner\"><\/i>\t\t\t<\/span>\n\t\t\n\t\t\t\t<div class=\"e-load-more-anchor\" data-page=\"1\" data-max-page=\"2\" data-next-page=\"https:\/\/kapusta.dev\/en\/wp-json\/wp\/v2\/pages\/97\/page\/2\/\"><\/div>\n\t\t\t\t<div class=\"elementor-button-wrapper\">\n\t\t\t<a class=\"elementor-button elementor-size-sm\" role=\"button\">\n\t\t\t\t\t\t<span class=\"elementor-button-content-wrapper\">\n\t\t\t\t\t\t\t\t\t<span class=\"elementor-button-text\">Show more<\/span>\n\t\t\t\t\t<\/span>\n\t\t\t\t\t<\/a>\n\t\t<\/div>\n\t\t\t\t<div class=\"e-load-more-message\"><\/div>\n\t\t\t\t\t\t<\/div>\n\t\t\t\t<\/div>\n\t\t\t\t\t<\/div>\n\t\t<\/div>\n\t\t\t\t\t<\/div>\n\t\t<\/section>\n\t\t\t\t<\/div>","protected":false},"excerpt":{"rendered":"<p>Our realizations<\/p>","protected":false},"author":1,"featured_media":0,"parent":0,"menu_order":19,"comment_status":"closed","ping_status":"closed","template":"","meta":{"footnotes":""},"class_list":["post-97","page","type-page","status-publish","hentry"],"_links":{"self":[{"href":"https:\/\/kapusta.dev\/en\/wp-json\/wp\/v2\/pages\/97","targetHints":{"allow":["GET"]}}],"collection":[{"href":"https:\/\/kapusta.dev\/en\/wp-json\/wp\/v2\/pages"}],"about":[{"href":"https:\/\/kapusta.dev\/en\/wp-json\/wp\/v2\/types\/page"}],"author":[{"embeddable":true,"href":"https:\/\/kapusta.dev\/en\/wp-json\/wp\/v2\/users\/1"}],"replies":[{"embeddable":true,"href":"https:\/\/kapusta.dev\/en\/wp-json\/wp\/v2\/comments?post=97"}],"version-history":[{"count":12,"href":"https:\/\/kapusta.dev\/en\/wp-json\/wp\/v2\/pages\/97\/revisions"}],"predecessor-version":[{"id":988179,"href":"https:\/\/kapusta.dev\/en\/wp-json\/wp\/v2\/pages\/97\/revisions\/988179"}],"wp:attachment":[{"href":"https:\/\/kapusta.dev\/en\/wp-json\/wp\/v2\/media?parent=97"}],"curies":[{"name":"wp","href":"https:\/\/api.w.org\/{rel}","templated":true}]}}